{"id":1483,"date":"2024-11-11T12:35:47","date_gmt":"2024-11-11T11:35:47","guid":{"rendered":"https:\/\/www.boekhoudersboutique.nl\/?post_type=product&#038;p=1483"},"modified":"2025-05-18T20:04:48","modified_gmt":"2025-05-18T18:04:48","slug":"box3-quick-assessment-jouw-werkelijk-rendement-in-beeld","status":"publish","type":"product","link":"https:\/\/www.boekhoudersboutique.nl\/en\/product\/box3-quick-assessment-jouw-werkelijk-rendement-in-beeld\/","title":{"rendered":"Box3 Quick Assessment: Your Actual Return Overview"},"content":{"rendered":"<p>[et_pb_section fb_built=&#8221;1&#8243; _builder_version=&#8221;4.16&#8243; custom_padding=&#8221;0px||||false|false&#8221; global_colors_info=&#8221;{}&#8221;][et_pb_row _builder_version=&#8221;4.16&#8243; background_size=&#8221;initial&#8221; background_position=&#8221;top_left&#8221; background_repeat=&#8221;repeat&#8221; width=&#8221;100%&#8221; custom_padding=&#8221;0px||0px||false|false&#8221; global_colors_info=&#8221;{}&#8221;][et_pb_column type=&#8221;4_4&#8243; _builder_version=&#8221;4.16&#8243; custom_padding=&#8221;|||&#8221; global_colors_info=&#8221;{}&#8221; custom_padding__hover=&#8221;|||&#8221;][et_pb_wc_breadcrumb _builder_version=&#8221;4.16&#8243; global_colors_info=&#8221;{}&#8221;][\/et_pb_wc_breadcrumb][et_pb_wc_cart_notice _builder_version=&#8221;4.16&#8243; global_colors_info=&#8221;{}&#8221;][\/et_pb_wc_cart_notice][\/et_pb_column][\/et_pb_row][et_pb_row column_structure=&#8221;1_2,1_2&#8243; _builder_version=&#8221;4.16&#8243; background_size=&#8221;initial&#8221; background_position=&#8221;top_left&#8221; background_repeat=&#8221;repeat&#8221; width=&#8221;100%&#8221; custom_padding=&#8221;0px||||false|false&#8221; global_colors_info=&#8221;{}&#8221;][et_pb_column type=&#8221;1_2&#8243; _builder_version=&#8221;4.16&#8243; custom_padding=&#8221;|||&#8221; global_colors_info=&#8221;{}&#8221; custom_padding__hover=&#8221;|||&#8221;][et_pb_wc_images _builder_version=&#8221;4.16&#8243; global_colors_info=&#8221;{}&#8221;][\/et_pb_wc_images][\/et_pb_column][et_pb_column type=&#8221;1_2&#8243; _builder_version=&#8221;4.16&#8243; custom_padding=&#8221;|||&#8221; global_colors_info=&#8221;{}&#8221; custom_padding__hover=&#8221;|||&#8221;][et_pb_wc_title _builder_version=&#8221;4.16&#8243; global_colors_info=&#8221;{}&#8221;][\/et_pb_wc_title][et_pb_wc_rating _builder_version=&#8221;4.16&#8243; global_colors_info=&#8221;{}&#8221;][\/et_pb_wc_rating][et_pb_wc_price _builder_version=&#8221;4.16&#8243; global_colors_info=&#8221;{}&#8221;][\/et_pb_wc_price][et_pb_wc_description _builder_version=&#8221;4.16&#8243; global_colors_info=&#8221;{}&#8221;][\/et_pb_wc_description][et_pb_wc_add_to_cart _builder_version=&#8221;4.16&#8243; custom_button=&#8221;on&#8221; button_text_color=&#8221;#ea8f5a&#8221; button_font=&#8221;|800|||||||&#8221; global_colors_info=&#8221;{}&#8221;][\/et_pb_wc_add_to_cart][\/et_pb_column][\/et_pb_row][et_pb_row _builder_version=&#8221;4.16&#8243; background_size=&#8221;initial&#8221; background_position=&#8221;top_left&#8221; background_repeat=&#8221;repeat&#8221; width=&#8221;100%&#8221; global_colors_info=&#8221;{}&#8221;][et_pb_column type=&#8221;4_4&#8243; _builder_version=&#8221;4.16&#8243; custom_padding=&#8221;|||&#8221; global_colors_info=&#8221;{}&#8221; custom_padding__hover=&#8221;|||&#8221;][et_pb_wc_tabs _builder_version=&#8221;4.16&#8243; global_colors_info=&#8221;{}&#8221;] [\/et_pb_wc_tabs][et_pb_wc_add_to_cart _builder_version=&#8221;4.16&#8243; custom_button=&#8221;on&#8221; button_text_color=&#8221;#ea8f5a&#8221; button_font=&#8221;|800|||||||&#8221; global_colors_info=&#8221;{}&#8221;][\/et_pb_wc_add_to_cart][\/et_pb_column][\/et_pb_row][\/et_pb_section]<\/p>\n","protected":false},"excerpt":{"rendered":"<p class=\"p1\">Have you recently received a letter from the Dutch Tax Authority about reporting your actual return in Box 3?<\/p>\n<p class=\"p1\">Are you wondering if you qualify for a tax refund but unsure where to start? With the <b>Box3 Quick Assessment<\/b>\u00a0we provide a fast and professional solution to help you gain clarity about your situation.<\/p>\n<p class=\"p4\"><b>What is the Box3 Quick<\/b><b>Assessment?<\/b><b>?<\/b><\/p>\n<p class=\"p1\">De Box3 Quick Assessment is een \u00e9\u00e9n-op-\u00e9\u00e9n consult van \u00e9\u00e9n uur waarin we samen jouw Box 3-investeringen analyseren. Ons doel is om een realistische inschatting te maken van jouw werkelijk rendement en te bepalen of je recht hebt op belastingteruggave. Met onze ervaring en expertise helpen we je om helderheid te krijgen in deze complexe materie.<\/p>\n<p>Click the '<strong>Buy Now<\/strong>&#8216; om deel te nemen aan de sessie &#8220;Box3 Quick Assessment&#8221; van De Boekhouders Boutique.<\/p>","protected":false},"featured_media":1484,"comment_status":"open","ping_status":"closed","template":"","meta":{"_et_pb_use_builder":"on","_et_pb_old_content":"<p class=\"p1\"><b>Waarom kiezen voor de Box3 Quick Assessment?<\/b><\/p>\r\n\r\n<ul class=\"ul1\">\r\n \t<li class=\"li2\"><b>Snelle en duidelijke analyse:<\/b> Binnen \u00e9\u00e9n uur krijg je een concreet inzicht in jouw mogelijkheden.<\/li>\r\n \t<li class=\"li2\"><b>Onafhankelijk advies:<\/b> Wij bieden een realistische beoordeling, inclusief de kans dat de teruggave klein of nihil is, zodat je weet waar je aan toe bent.<\/li>\r\n \t<li class=\"li2\"><b>Tijd besparen:<\/b> Geen onnodig gedoe met de Belastingdienst; wij zorgen dat alles goed voorbereid is.<\/li>\r\n \t<li class=\"li2\"><b>Optimale zekerheid:<\/b> Je weet zeker dat je geen kansen laat liggen voor belastingteruggave.<\/li>\r\n<\/ul>\r\n<p class=\"p1\"><b>Belangrijk om te weten<\/b><\/p>\r\n<p class=\"p2\">Het resultaat van de Quick Assessment kan resulteren dat je geen recht hebt op belastingteruggave, of dat deze gering blijft. Daarom raden we je aan om vooraf alle benodigde gegevens te verzamelen, zodat we direct een quick assessment kunnen maken.<\/p>\r\n<p class=\"p2\"><b>Wat je nodig hebt voor de Quick Assessment:<\/b><\/p>\r\n\r\n<ul class=\"ul1\">\r\n \t<li class=\"li2\">Overzicht van je beleggingen en spaargelden in Box 3 (ingevulde IB aangifte)<\/li>\r\n \t<li class=\"li2\">Eventuele informatie over rendementen en kosten (bank of beleggingsafschriften)<\/li>\r\n \t<li class=\"li2\">Correspondentie met de Belastingdienst over dit onderwerp<\/li>\r\n<\/ul>\r\n<p class=\"p1\"><b>Klaar om helderheid te krijgen?<\/b><\/p>\r\n<p class=\"p2\">Plan vandaag nog jouw Box3 Quick Assessment en ontdek of er kansen liggen om belasting terug te krijgen. Met onze hulp weet je precies waar je aan toe bent!<\/p>","_et_gb_content_width":"","content-type":""},"product_brand":[],"product_cat":[18,17],"product_tag":[21,26,25,30,29,31,28,27],"class_list":{"0":"post-1483","1":"product","2":"type-product","3":"status-publish","4":"has-post-thumbnail","6":"product_cat-business-consulting","7":"product_cat-quick-scans","8":"product_tag-boekhouder","9":"product_tag-holding-bv","10":"product_tag-inbreng-bv","11":"product_tag-notaris","12":"product_tag-salarisadministratie","13":"product_tag-startbalans","14":"product_tag-vpb","15":"product_tag-werkmaatschappij","17":"first","18":"instock","19":"featured","20":"downloadable","21":"virtual","22":"sold-individually","23":"taxable","24":"purchasable","25":"product-type-simple"},"yoast_head":"<!-- This site is optimized with the Yoast SEO plugin v27.5 - https:\/\/yoast.com\/product\/yoast-seo-wordpress\/ -->\n<title>Box3 Quick Assessment: Jouw Werkelijk Rendement in Beeld - Boekhouders Boutique<\/title>\n<meta name=\"description\" content=\"Inzicht of BV de juiste stap is? Of toch eenmanszaak blijven? De Boekhouders Boutique helpt ondernemers met inzicht voor de juiste besluiten.\" \/>\n<meta name=\"robots\" content=\"index, follow, max-snippet:-1, max-image-preview:large, max-video-preview:-1\" \/>\n<link rel=\"canonical\" href=\"https:\/\/www.boekhoudersboutique.nl\/en\/product\/box3-quick-assessment-jouw-werkelijk-rendement-in-beeld\/\" \/>\n<meta property=\"og:locale\" content=\"en_GB\" \/>\n<meta property=\"og:type\" content=\"article\" \/>\n<meta property=\"og:title\" content=\"Box3 Quick Assessment: Jouw Werkelijk Rendement in Beeld - Boekhouders Boutique\" \/>\n<meta property=\"og:description\" content=\"Inzicht of BV de juiste stap is? Of toch eenmanszaak blijven? De Boekhouders Boutique helpt ondernemers met inzicht voor de juiste besluiten.\" \/>\n<meta property=\"og:url\" content=\"https:\/\/www.boekhoudersboutique.nl\/en\/product\/box3-quick-assessment-jouw-werkelijk-rendement-in-beeld\/\" \/>\n<meta property=\"og:site_name\" content=\"Boekhouders Boutique\" \/>\n<meta property=\"article:publisher\" content=\"https:\/\/www.facebook.com\/boekhoudersboutique\" \/>\n<meta property=\"article:modified_time\" content=\"2025-05-18T18:04:48+00:00\" \/>\n<meta property=\"og:image\" content=\"https:\/\/www.boekhoudersboutique.nl\/wp-content\/uploads\/2024\/11\/Box3-Assessment-1024x1024.png\" \/>\n\t<meta property=\"og:image:width\" content=\"1024\" \/>\n\t<meta property=\"og:image:height\" content=\"1024\" \/>\n\t<meta property=\"og:image:type\" content=\"image\/png\" \/>\n<meta name=\"twitter:card\" content=\"summary_large_image\" \/>\n<meta name=\"twitter:label1\" content=\"Estimated reading time\" \/>\n\t<meta name=\"twitter:data1\" content=\"1 minute\" \/>\n<script type=\"application\/ld+json\" class=\"yoast-schema-graph\">{\"@context\":\"https:\\\/\\\/schema.org\",\"@graph\":[{\"@type\":\"WebPage\",\"@id\":\"https:\\\/\\\/www.boekhoudersboutique.nl\\\/product\\\/box3-quick-assessment-jouw-werkelijk-rendement-in-beeld\\\/\",\"url\":\"https:\\\/\\\/www.boekhoudersboutique.nl\\\/product\\\/box3-quick-assessment-jouw-werkelijk-rendement-in-beeld\\\/\",\"name\":\"Box3 Quick Assessment: Jouw Werkelijk Rendement in Beeld - Boekhouders Boutique\",\"isPartOf\":{\"@id\":\"https:\\\/\\\/www.boekhoudersboutique.nl\\\/#website\"},\"primaryImageOfPage\":{\"@id\":\"https:\\\/\\\/www.boekhoudersboutique.nl\\\/product\\\/box3-quick-assessment-jouw-werkelijk-rendement-in-beeld\\\/#primaryimage\"},\"image\":{\"@id\":\"https:\\\/\\\/www.boekhoudersboutique.nl\\\/product\\\/box3-quick-assessment-jouw-werkelijk-rendement-in-beeld\\\/#primaryimage\"},\"thumbnailUrl\":\"https:\\\/\\\/i0.wp.com\\\/www.boekhoudersboutique.nl\\\/wp-content\\\/uploads\\\/2024\\\/11\\\/Box3-Assessment.png?fit=2048%2C2048&ssl=1\",\"datePublished\":\"2024-11-11T11:35:47+00:00\",\"dateModified\":\"2025-05-18T18:04:48+00:00\",\"description\":\"Inzicht of BV de juiste stap is? Of toch eenmanszaak blijven? De Boekhouders Boutique helpt ondernemers met inzicht voor de juiste besluiten.\",\"breadcrumb\":{\"@id\":\"https:\\\/\\\/www.boekhoudersboutique.nl\\\/product\\\/box3-quick-assessment-jouw-werkelijk-rendement-in-beeld\\\/#breadcrumb\"},\"inLanguage\":\"en-GB\",\"potentialAction\":[{\"@type\":\"ReadAction\",\"target\":[\"https:\\\/\\\/www.boekhoudersboutique.nl\\\/product\\\/box3-quick-assessment-jouw-werkelijk-rendement-in-beeld\\\/\"]}]},{\"@type\":\"ImageObject\",\"inLanguage\":\"en-GB\",\"@id\":\"https:\\\/\\\/www.boekhoudersboutique.nl\\\/product\\\/box3-quick-assessment-jouw-werkelijk-rendement-in-beeld\\\/#primaryimage\",\"url\":\"https:\\\/\\\/i0.wp.com\\\/www.boekhoudersboutique.nl\\\/wp-content\\\/uploads\\\/2024\\\/11\\\/Box3-Assessment.png?fit=2048%2C2048&ssl=1\",\"contentUrl\":\"https:\\\/\\\/i0.wp.com\\\/www.boekhoudersboutique.nl\\\/wp-content\\\/uploads\\\/2024\\\/11\\\/Box3-Assessment.png?fit=2048%2C2048&ssl=1\",\"width\":2048,\"height\":2048},{\"@type\":\"BreadcrumbList\",\"@id\":\"https:\\\/\\\/www.boekhoudersboutique.nl\\\/product\\\/box3-quick-assessment-jouw-werkelijk-rendement-in-beeld\\\/#breadcrumb\",\"itemListElement\":[{\"@type\":\"ListItem\",\"position\":1,\"name\":\"Home\",\"item\":\"https:\\\/\\\/www.boekhoudersboutique.nl\\\/\"},{\"@type\":\"ListItem\",\"position\":2,\"name\":\"Winkel\",\"item\":\"https:\\\/\\\/www.boekhoudersboutique.nl\\\/winkel\\\/\"},{\"@type\":\"ListItem\",\"position\":3,\"name\":\"Box3 Quick Assessment: Jouw Werkelijk Rendement in Beeld\"}]},{\"@type\":\"WebSite\",\"@id\":\"https:\\\/\\\/www.boekhoudersboutique.nl\\\/#website\",\"url\":\"https:\\\/\\\/www.boekhoudersboutique.nl\\\/\",\"name\":\"Boekhouders Boutique\",\"description\":\"helpt gedreven ondernemers met goede boekhouding en werkflow voor boekhouders\",\"publisher\":{\"@id\":\"https:\\\/\\\/www.boekhoudersboutique.nl\\\/#organization\"},\"potentialAction\":[{\"@type\":\"SearchAction\",\"target\":{\"@type\":\"EntryPoint\",\"urlTemplate\":\"https:\\\/\\\/www.boekhoudersboutique.nl\\\/?s={search_term_string}\"},\"query-input\":{\"@type\":\"PropertyValueSpecification\",\"valueRequired\":true,\"valueName\":\"search_term_string\"}}],\"inLanguage\":\"en-GB\"},{\"@type\":\"Organization\",\"@id\":\"https:\\\/\\\/www.boekhoudersboutique.nl\\\/#organization\",\"name\":\"De Boekhouders Boutique B.V.\",\"url\":\"https:\\\/\\\/www.boekhoudersboutique.nl\\\/\",\"logo\":{\"@type\":\"ImageObject\",\"inLanguage\":\"en-GB\",\"@id\":\"https:\\\/\\\/www.boekhoudersboutique.nl\\\/#\\\/schema\\\/logo\\\/image\\\/\",\"url\":\"https:\\\/\\\/i0.wp.com\\\/www.boekhoudersboutique.nl\\\/wp-content\\\/uploads\\\/2021\\\/10\\\/BB-logo-e1635674653494.png?fit=600%2C295&ssl=1\",\"contentUrl\":\"https:\\\/\\\/i0.wp.com\\\/www.boekhoudersboutique.nl\\\/wp-content\\\/uploads\\\/2021\\\/10\\\/BB-logo-e1635674653494.png?fit=600%2C295&ssl=1\",\"width\":600,\"height\":295,\"caption\":\"De Boekhouders Boutique B.V.\"},\"image\":{\"@id\":\"https:\\\/\\\/www.boekhoudersboutique.nl\\\/#\\\/schema\\\/logo\\\/image\\\/\"},\"sameAs\":[\"https:\\\/\\\/www.facebook.com\\\/boekhoudersboutique\",\"https:\\\/\\\/www.instagram.com\\\/boekhouders_boutique\\\/\",\"https:\\\/\\\/www.tiktok.com\\\/@boekhoudersboutique?lang=nl-NL\"]}]}<\/script>\n<!-- \/ Yoast SEO plugin. -->","yoast_head_json":{"title":"Box3 Quick Assessment: Jouw Werkelijk Rendement in Beeld - Boekhouders Boutique","description":"Inzicht of BV de juiste stap is? Of toch eenmanszaak blijven? De Boekhouders Boutique helpt ondernemers met inzicht voor de juiste besluiten.","robots":{"index":"index","follow":"follow","max-snippet":"max-snippet:-1","max-image-preview":"max-image-preview:large","max-video-preview":"max-video-preview:-1"},"canonical":"https:\/\/www.boekhoudersboutique.nl\/en\/product\/box3-quick-assessment-jouw-werkelijk-rendement-in-beeld\/","og_locale":"en_GB","og_type":"article","og_title":"Box3 Quick Assessment: Jouw Werkelijk Rendement in Beeld - Boekhouders Boutique","og_description":"Inzicht of BV de juiste stap is? Of toch eenmanszaak blijven? De Boekhouders Boutique helpt ondernemers met inzicht voor de juiste besluiten.","og_url":"https:\/\/www.boekhoudersboutique.nl\/en\/product\/box3-quick-assessment-jouw-werkelijk-rendement-in-beeld\/","og_site_name":"Boekhouders Boutique","article_publisher":"https:\/\/www.facebook.com\/boekhoudersboutique","article_modified_time":"2025-05-18T18:04:48+00:00","og_image":[{"width":1024,"height":1024,"url":"https:\/\/www.boekhoudersboutique.nl\/wp-content\/uploads\/2024\/11\/Box3-Assessment-1024x1024.png","type":"image\/png"}],"twitter_card":"summary_large_image","twitter_misc":{"Estimated reading time":"1 minute"},"schema":{"@context":"https:\/\/schema.org","@graph":[{"@type":"WebPage","@id":"https:\/\/www.boekhoudersboutique.nl\/product\/box3-quick-assessment-jouw-werkelijk-rendement-in-beeld\/","url":"https:\/\/www.boekhoudersboutique.nl\/product\/box3-quick-assessment-jouw-werkelijk-rendement-in-beeld\/","name":"Box3 Quick Assessment: Jouw Werkelijk Rendement in Beeld - Boekhouders Boutique","isPartOf":{"@id":"https:\/\/www.boekhoudersboutique.nl\/#website"},"primaryImageOfPage":{"@id":"https:\/\/www.boekhoudersboutique.nl\/product\/box3-quick-assessment-jouw-werkelijk-rendement-in-beeld\/#primaryimage"},"image":{"@id":"https:\/\/www.boekhoudersboutique.nl\/product\/box3-quick-assessment-jouw-werkelijk-rendement-in-beeld\/#primaryimage"},"thumbnailUrl":"https:\/\/i0.wp.com\/www.boekhoudersboutique.nl\/wp-content\/uploads\/2024\/11\/Box3-Assessment.png?fit=2048%2C2048&ssl=1","datePublished":"2024-11-11T11:35:47+00:00","dateModified":"2025-05-18T18:04:48+00:00","description":"Inzicht of BV de juiste stap is? Of toch eenmanszaak blijven? De Boekhouders Boutique helpt ondernemers met inzicht voor de juiste besluiten.","breadcrumb":{"@id":"https:\/\/www.boekhoudersboutique.nl\/product\/box3-quick-assessment-jouw-werkelijk-rendement-in-beeld\/#breadcrumb"},"inLanguage":"en-GB","potentialAction":[{"@type":"ReadAction","target":["https:\/\/www.boekhoudersboutique.nl\/product\/box3-quick-assessment-jouw-werkelijk-rendement-in-beeld\/"]}]},{"@type":"ImageObject","inLanguage":"en-GB","@id":"https:\/\/www.boekhoudersboutique.nl\/product\/box3-quick-assessment-jouw-werkelijk-rendement-in-beeld\/#primaryimage","url":"https:\/\/i0.wp.com\/www.boekhoudersboutique.nl\/wp-content\/uploads\/2024\/11\/Box3-Assessment.png?fit=2048%2C2048&ssl=1","contentUrl":"https:\/\/i0.wp.com\/www.boekhoudersboutique.nl\/wp-content\/uploads\/2024\/11\/Box3-Assessment.png?fit=2048%2C2048&ssl=1","width":2048,"height":2048},{"@type":"BreadcrumbList","@id":"https:\/\/www.boekhoudersboutique.nl\/product\/box3-quick-assessment-jouw-werkelijk-rendement-in-beeld\/#breadcrumb","itemListElement":[{"@type":"ListItem","position":1,"name":"Home","item":"https:\/\/www.boekhoudersboutique.nl\/"},{"@type":"ListItem","position":2,"name":"Winkel","item":"https:\/\/www.boekhoudersboutique.nl\/winkel\/"},{"@type":"ListItem","position":3,"name":"Box3 Quick Assessment: Jouw Werkelijk Rendement in Beeld"}]},{"@type":"WebSite","@id":"https:\/\/www.boekhoudersboutique.nl\/#website","url":"https:\/\/www.boekhoudersboutique.nl\/","name":"Boekhouders Boutique","description":"helpt gedreven ondernemers met goede boekhouding en werkflow voor boekhouders","publisher":{"@id":"https:\/\/www.boekhoudersboutique.nl\/#organization"},"potentialAction":[{"@type":"SearchAction","target":{"@type":"EntryPoint","urlTemplate":"https:\/\/www.boekhoudersboutique.nl\/?s={search_term_string}"},"query-input":{"@type":"PropertyValueSpecification","valueRequired":true,"valueName":"search_term_string"}}],"inLanguage":"en-GB"},{"@type":"Organization","@id":"https:\/\/www.boekhoudersboutique.nl\/#organization","name":"De Boekhouders Boutique B.V.","url":"https:\/\/www.boekhoudersboutique.nl\/","logo":{"@type":"ImageObject","inLanguage":"en-GB","@id":"https:\/\/www.boekhoudersboutique.nl\/#\/schema\/logo\/image\/","url":"https:\/\/i0.wp.com\/www.boekhoudersboutique.nl\/wp-content\/uploads\/2021\/10\/BB-logo-e1635674653494.png?fit=600%2C295&ssl=1","contentUrl":"https:\/\/i0.wp.com\/www.boekhoudersboutique.nl\/wp-content\/uploads\/2021\/10\/BB-logo-e1635674653494.png?fit=600%2C295&ssl=1","width":600,"height":295,"caption":"De Boekhouders Boutique B.V."},"image":{"@id":"https:\/\/www.boekhoudersboutique.nl\/#\/schema\/logo\/image\/"},"sameAs":["https:\/\/www.facebook.com\/boekhoudersboutique","https:\/\/www.instagram.com\/boekhouders_boutique\/","https:\/\/www.tiktok.com\/@boekhoudersboutique?lang=nl-NL"]}]}},"jetpack-related-posts":[],"jetpack_sharing_enabled":true,"_links":{"self":[{"href":"https:\/\/www.boekhoudersboutique.nl\/en\/wp-json\/wp\/v2\/product\/1483","targetHints":{"allow":["GET"]}}],"collection":[{"href":"https:\/\/www.boekhoudersboutique.nl\/en\/wp-json\/wp\/v2\/product"}],"about":[{"href":"https:\/\/www.boekhoudersboutique.nl\/en\/wp-json\/wp\/v2\/types\/product"}],"replies":[{"embeddable":true,"href":"https:\/\/www.boekhoudersboutique.nl\/en\/wp-json\/wp\/v2\/comments?post=1483"}],"wp:featuredmedia":[{"embeddable":true,"href":"https:\/\/www.boekhoudersboutique.nl\/en\/wp-json\/wp\/v2\/media\/1484"}],"wp:attachment":[{"href":"https:\/\/www.boekhoudersboutique.nl\/en\/wp-json\/wp\/v2\/media?parent=1483"}],"wp:term":[{"taxonomy":"product_brand","embeddable":true,"href":"https:\/\/www.boekhoudersboutique.nl\/en\/wp-json\/wp\/v2\/product_brand?post=1483"},{"taxonomy":"product_cat","embeddable":true,"href":"https:\/\/www.boekhoudersboutique.nl\/en\/wp-json\/wp\/v2\/product_cat?post=1483"},{"taxonomy":"product_tag","embeddable":true,"href":"https:\/\/www.boekhoudersboutique.nl\/en\/wp-json\/wp\/v2\/product_tag?post=1483"}],"curies":[{"name":"wp","href":"https:\/\/api.w.org\/{rel}","templated":true}]}}